{"id":2230,"date":"2019-04-10T10:25:29","date_gmt":"2019-04-10T09:25:29","guid":{"rendered":"https:\/\/shpresarupar.com\/svetovanje\/lidershipi-program-gjashte-mujor-ne-gjashte-etapa\/"},"modified":"2019-11-25T23:46:24","modified_gmt":"2019-11-25T22:46:24","slug":"svetovanje-po-meri","status":"publish","type":"page","link":"https:\/\/shpresarupar.com\/sl\/svetovanje\/svetovanje-po-meri\/","title":{"rendered":"Svetovanje po meri"},"content":{"rendered":"<p><div class=\"fusion-fullwidth fullwidth-box fusion-builder-row-1 fusion-parallax-fixed nonhundred-percent-fullwidth non-hundred-percent-height-scrolling\" style=\"background-color: rgba(255,255,255,0);background-image: url(&quot;https:\/\/shpresarupar.com\/wp-content\/uploads\/2019\/05\/shpresarupar-img-strategit.jpg&quot;);background-position: center center;background-repeat: no-repeat;padding-top:45px;padding-right:0px;padding-bottom:45px;padding-left:0px;margin-bottom: 0px;margin-top: 0px;border-width: 0px 0px 0px 0px;border-color:#eae9e9;border-style:solid;-webkit-background-size:cover;-moz-background-size:cover;-o-background-size:cover;background-size:cover;background-attachment:fixed;\" ><div class=\"fusion-builder-row fusion-row\"><div class=\"fusion-layout-column fusion_builder_column fusion-builder-column-0 fusion_builder_column_1_1 1_1 fusion-one-full fusion-column-first fusion-column-last\" style=\"margin-top:0px;margin-bottom:0px;\"><div class=\"fusion-column-wrapper fusion-flex-column-wrapper-legacy\" style=\"background-position:left top;background-repeat:no-repeat;-webkit-background-size:cover;-moz-background-size:cover;-o-background-size:cover;background-size:cover;background-color:rgba(255,255,255,0.85);padding: 5% 5% 5% 5%;\"><div class=\"fusion-text fusion-text-1\"><h1><strong>Razvojne strategije \/ Program za mikro, mala ali dru\u017einska podjetja<\/strong><\/h1>\n<p><strong>Ali ste vodja mikro, malega ali dru\u017einskega podjetja?<\/strong><br \/>\n<strong>Ali konstantno i\u0161\u010dete nove strategije in metode, ki pripeljejo do dolgoro\u010dnega uspeha?<\/strong><br \/>\n<strong>Ali konstantno i\u0161\u010dete izbolj\u0161ave za uspe\u0161no vodenje va\u0161ega podjetja?<\/strong><br \/>\n<strong>Ali se soo\u010date z razli\u010dnimi izzivi pri re\u0161evanju kompleksnih zahtev s strani strank?<\/strong><br \/>\n<strong>Ali \u017eelite u\u010dinkovito re\u0161evati konflikte s pozitivno komunikacijo?<\/strong><\/p>\n<p>Ali ste vedeli, da po podatkih Evropskega Parlamenta, mikro, mala in dru\u017einska podjetja predstavljajo 99\u00a0% vseh podjetij v\u00a0Evropski Uniji? <em>(vir \u2013<\/em><a href=\"http:\/\/www.europarl.europa.eu\/\">www.europarl.europa.eu<\/a><em>)<\/em><\/p>\n<p>Najve\u010dji kapital v vsaki organizaciji, ne glede na velikost, so ljudje. V majhnih dru\u017ebah je \u010dlove\u0161ki faktor \u0161e bolj pomemben, vsaka oseba je lahko mo\u010dan ali \u0161ibek \u010dlen, ki je klju\u010dnega pomena.<\/p>\n<p>Hitremu razvoju in nevromarketingu, ki poteka v ozadju,\u00a0mala podjetja ne morejo vedno slediti,\u00a0zato sta coaching in analiza znotraj teh dru\u017eb \u0161e bolj nujna.<\/p>\n<p><strong>Ste pripravljeni narediti naslednji korak, da izbolj\u0161ate strategije rasti za va\u0161e podjetje?<\/strong><\/p>\n<\/div><div class=\"fusion-clearfix\"><\/div><\/div><\/div><\/div><\/div><div class=\"fusion-fullwidth fullwidth-box fusion-builder-row-2 nonhundred-percent-fullwidth non-hundred-percent-height-scrolling\" style=\"background-color: rgba(255,255,255,0);background-position: center center;background-repeat: no-repeat;padding-top:0px;padding-right:0px;padding-bottom:0px;padding-left:0px;margin-bottom: 0px;margin-top: 45px;border-width: 0px 0px 0px 0px;border-color:#eae9e9;border-style:solid;\" ><div class=\"fusion-builder-row fusion-row\"><div class=\"fusion-layout-column fusion_builder_column fusion-builder-column-1 fusion_builder_column_1_1 1_1 fusion-one-full fusion-column-first fusion-column-last\" style=\"margin-top:0px;margin-bottom:0px;\"><div class=\"fusion-column-wrapper fusion-flex-column-wrapper-legacy\" style=\"background-position:left top;background-repeat:no-repeat;-webkit-background-size:cover;-moz-background-size:cover;-o-background-size:cover;background-size:cover;padding: 0px 0px 0px 0px;\"><div class=\"fusion-text fusion-text-2\"><h1><strong>Vas zanima ve\u010d?<\/strong><\/h1>\n<\/div><style type=\"text\/css\">.fusion-accordian  #accordion-2230-1 .panel-title a .fa-fusion-box{ color: #ffffff;}.fusion-accordian  #accordion-2230-1 .panel-title a .fa-fusion-box:before{ font-size: 13px; width: 13px;}.fusion-accordian  #accordion-2230-1 .fa-fusion-box { background-color: #333333;border-color: #333333;}.fusion-accordian  #accordion-2230-1 .panel-title a:hover, #accordion-2230-1 .fusion-toggle-boxed-mode:hover .panel-title a { color: #333333;}.fusion-accordian  #accordion-2230-1 .panel-title .active .fa-fusion-box,.fusion-accordian  #accordion-2230-1 .panel-title a:hover .fa-fusion-box { background-color: #333333!important;border-color: #333333!important;}<\/style><div class=\"accordian fusion-accordian\"><div class=\"panel-group\" id=\"accordion-2230-1\"><div class=\"fusion-panel panel-default\"><div class=\"panel-heading\"><h4 class=\"panel-title toggle\"><a aria-expanded=\"false\" aria-controls=\"db30af99d3444227f\" role=\"button\" data-toggle=\"collapse\" data-parent=\"#accordion-2230-1\" data-target=\"#db30af99d3444227f\" href=\"#db30af99d3444227f\"><span class=\"fusion-toggle-icon-wrapper\" aria-hidden=\"true\"><i class=\"fa-fusion-box\" aria-hidden=\"true\"><\/i><\/span><span class=\"fusion-toggle-heading\">PREVERITE PROGRAM<\/span><\/a><\/h4><\/div><div id=\"db30af99d3444227f\" class=\"panel-collapse collapse \"><div class=\"panel-body toggle-content fusion-clearfix\">\n<p>Program zajema:<\/p>\n<p><strong>&#8211; analiziranje,<\/strong><br \/>\n<strong>&#8211; vrednotenje in repozicioniranje va\u0161ega podjetja na trgu,<\/strong><br \/>\n<strong>&#8211; prilagajanje novim razmeram in spremembam tr\u017enega gospodarstva.<\/strong><\/p>\n<p>S skupnim sodelovavanjem\u00a0<strong>bomo analizirali va\u0161e spretnosti, ugotovili va\u0161e vrednote in pregledali, kako pristopate k ciljem in vizijam.<\/strong><\/p>\n<p><strong>Z vsemi temi ugotovitvami bomo pridobili informacije,\u00a0<em><u>KDO \u017eelite biti, KJE igrati in KAKO zmagati<\/u>.<\/em><\/strong><\/p>\n<p><strong>Pomagam\u00a0Vam\u00a0razviti strategije, metode vodenja in ve\u0161\u010dine ki pripeljejo do dolgoro\u010dnega uspeha.<\/strong><\/p>\n<p><strong>Kako in kaj konkretno bomo analizirali?<\/strong><\/p>\n<h1><strong>Delovno okolje in prostor<\/strong><\/h1>\n<p>Zelo pomembna faktorja, ki\u00a0vplivata na po\u010dutje zaposlenih. <strong>Pregledali bomo, \u010de je prostor za izbolj\u0161anje delovnega okolja.<\/strong>\u00a0Z vzpostavitvijo spodbujajo\u010dega in prijetnega delovnega okolja lahko vplivamo na produktivnost podjetja in kvalitetnej\u0161e zasebno \u017eivljenje.<\/p>\n<h1><strong>Stranke, izdelki, storitve<\/strong><\/h1>\n<p><strong>Analizirali bomo interaktivnost odnosov in povezanost s strankami. Pogledali bomo va\u0161o ponudbo, programe izdelkov ali storitev ter poiskali sistemske re\u0161itve.<\/strong><br \/>\nNa podlagi prodaje<strong>\u00a0ugotovimo,\u00a0<u>od koliko strank ste odvisni in kje je prostor za izbolj\u0161anje, da lahko zmanj\u0161ate tveganja.<\/u><\/strong><\/p>\n<h1>Re\u0161evanje konfliktov s pozitivno, konstruktivno komunikacijo<\/h1>\n<h1><strong>Cilji in skupna vizija<\/strong><\/h1>\n<p>Velikokrat\u00a0sta izhodi\u0161\u010de vsega, to je notranji plamen za razvoj in rast podjetja.<br \/>\nS<strong>kupaj bomo odkrili, katere drzne cilje in vizije imate<\/strong> in kako le-te pripomorejo k bojl\u0161emu rezultatu in dologoro\u010dno <strong><u>k rasti podjetja.<\/u><\/strong><strong>\u00a0<\/strong><\/p>\n<h1><strong>Osredoto\u010dnost<\/strong><\/h1>\n<p>Skupaj bomo o pregledali<strong> \u0161irino in globino portfelja va\u0161ih storitev.<\/strong><\/p>\n<h1><strong>Motivacija in pozitivno razmi\u0161ljanje<\/strong><\/h1>\n<p>Z vpra\u0161anji ugotovimo <strong>kako se va\u0161i zaposleni identificirajo z dru\u017ebo.<\/strong><br \/>\nMotivacija in ob\u010dutek poistovetenja zaposlenih v dru\u017ebi sta klju\u010dna za uspeh dru\u017ebe.<strong>\u00a0<\/strong><\/p>\n<p>Program je\u00a0<strong>prilagojen potrebam in zahtevam mikro, malih in dru\u017einskih podjetij\u00a0<\/strong>in ga je mo\u017eno vsebinsko dodatno prilagoditi in pripraviti po meri naro\u010dnika.<\/p>\n<\/div><\/div><\/div><\/div><\/div><div class=\"fusion-clearfix\"><\/div><\/div><\/div><div class=\"fusion-layout-column fusion_builder_column fusion-builder-column-2 fusion_builder_column_1_1 1_1 fusion-one-full fusion-column-first fusion-column-last\" style=\"margin-top:0px;margin-bottom:20px;\"><div class=\"fusion-column-wrapper fusion-flex-column-wrapper-legacy\" style=\"background-position:left top;background-repeat:no-repeat;-webkit-background-size:cover;-moz-background-size:cover;-o-background-size:cover;background-size:cover;padding: 45px 0px 0px 0px;\"><div class=\"fusion-text fusion-text-3\"><p><strong>Sodelujem z vodji malih in srednjih podjetij ter z dru\u017einskimi podjetji<\/strong><\/p>\n<p>Sem Shpresa Rupar, <strong>Osebna in poslovna trenerka,\u00a0NLP coachinja<\/strong>, ter NLP trener, po izobrazbi univ. dipl. profesorica angle\u0161\u010dine.<\/p>\n<p>Moja prednost je 22letna praksa in bogate izku\u0161nje v zasebnem sektorju, kjer sem se na\u0161la v razli\u010dnih vlogah; zaposlena, vodja, direktorica, ustanoviteljica svojega podjetja. V tem \u010dasu sem spoznala veliko pasti in veliko prednosti, ki jih lahko ima majhno podjetje.<\/p>\n<p><strong>Z leti sem iskala odgovore za izbolj\u0161anje rezultatov in danes pri svojem delu, kjer zdru\u017eujem vse svoje izku\u0161nje in uporabljam vsa pridobljena znanja s podro\u010dja Neuro Linguisti\u010dnega Programiranja, <\/strong>Vam\u00a0pomagam razviti strategije, metode vodenja in ve\u0161\u010dine ki pripeljejo do dolgoro\u010dnega uspeha.<\/p>\n<p><strong>V sodobnem svetu ni prostora za improviziranje!<\/strong><\/p>\n<p>Pomembno je imeti profesionalen pristop in korekten odnos. <strong>K dolgoro\u010dnemu uspehu vodijo akcija, delo, iskanje re\u0161itev in nenehno izbolj\u0161evanje vsega tega.\u00a0<\/strong><\/p>\n<p class=\"brz-text-lg-left brz-mt-lg-10 brz-tp-paragraph\"><strong>Ste pripravljeni narediti naslednji korak, da izbolj\u0161ate strategije rasti za va\u0161e podjetje?<\/strong><\/p>\n<\/div><div class=\"fusion-button-wrapper\"><style>.fusion-button.button-1{border-radius:0px 0px 0px 0px;}<\/style><a class=\"fusion-button button-flat fusion-button-default-size button-default button-1 fusion-button-default-span fusion-button-default-type\" target=\"_self\" href=\"\/sl\/o-meni\/\"><span class=\"fusion-button-text\">\u017dELITE VEDETI VE\u010c O MENI?<\/span><\/a><\/div><div class=\"fusion-alignleft\"><style>.fusion-button.button-2{border-radius:0px 0px 0px 0px;}<\/style><a class=\"fusion-button button-flat fusion-button-default-size button-default button-2 fusion-button-default-span fusion-button-default-type\" target=\"_self\" href=\"mailto:shpresa@shpresarupar.com\"><span class=\"fusion-button-text\">VAS ZANIMA VE\u010c O PROGRAMU?<\/span><\/a><\/div><div class=\"fusion-clearfix\"><\/div><\/div><\/div><\/div><\/div><div class=\"fusion-fullwidth fullwidth-box fusion-builder-row-3 nonhundred-percent-fullwidth non-hundred-percent-height-scrolling\" style=\"background-color: rgba(255,255,255,0);background-position: center center;background-repeat: no-repeat;padding-top:0px;padding-right:0px;padding-bottom:0px;padding-left:0px;margin-bottom: 0px;margin-top: 0px;border-width: 0px 0px 0px 0px;border-color:#eae9e9;border-style:solid;\" ><div class=\"fusion-builder-row fusion-row\"><\/div><\/div><div class=\"fusion-fullwidth fullwidth-box fusion-builder-row-4 gradient nonhundred-percent-fullwidth non-hundred-percent-height-scrolling\" style=\"background-color: rgba(255,255,255,0);background-position: center center;background-repeat: no-repeat;padding-top:15px;padding-right:0px;padding-bottom:15px;padding-left:0px;margin-bottom: 0px;margin-top: 45px;border-width: 0px 0px 0px 0px;border-color:#eae9e9;border-style:solid;\" id=\"gradient\" ><div class=\"fusion-builder-row fusion-row\"><div class=\"fusion-layout-column fusion_builder_column fusion-builder-column-3 fusion_builder_column_1_1 1_1 fusion-one-full fusion-column-first fusion-column-last\" style=\"margin-top:0px;margin-bottom:20px;\"><div class=\"fusion-column-wrapper fusion-flex-column-wrapper-legacy\" style=\"background-position:left top;background-repeat:no-repeat;-webkit-background-size:cover;-moz-background-size:cover;-o-background-size:cover;background-size:cover;padding: 0px 0px 0px 0px;\"><div class=\"fusion-widget-area fusion-widget-area-1 fusion-content-widget-area\"><style type=\"text\/css\">.fusion-widget-area-1 {padding:0px 0px 0px 0px;}.fusion-widget-area-1 .widget h4 {color:#ffffff;}.fusion-widget-area-1 .widget .heading h4 {color:#ffffff;}.fusion-widget-area-1 .widget h4 {font-size:28px;}.fusion-widget-area-1 .widget .heading h4 {font-size:28px;}<\/style><style type=\"text\/css\" data-id=\"social_links-widget-2\">@media (max-width: 800px){#social_links-widget-2{text-align:initial !important;}}<\/style><div id=\"social_links-widget-2\" class=\"fusion-widget-mobile-align-initial fusion-widget-align-center widget social_links\" style=\"text-align: center;\">\n\t\t<div class=\"fusion-social-networks boxed-icons\">\n\n\t\t\t<div class=\"fusion-social-networks-wrapper\">\n\t\t\t\t\t\t\t\t\t\t\t\t\t\t\t\t\t\t\t\t\t\t\t\t\t\t\t\t\n\t\t\t\t\t\t\n\t\t\t\t\t\t\t\t\t\t\t\t\t\t\t\t\t\t\t\t\t\t\t\t\t\t\t\t\t\t\t\t\t\t\t<a class=\"fusion-social-network-icon fusion-tooltip fusion-facebook awb-icon-facebook\" href=\"https:\/\/www.facebook.com\/NLPTrainerShpresaRupar\/\"   title=\"Facebook\" aria-label=\"Facebook\" rel=\"noopener noreferrer\" target=\"_self\" style=\"border-radius:50px;padding:12px;font-size:18px;color:#333333;background-color:#ffffff;border-color:#ffffff;\"><\/a>\n\t\t\t\t\t\t\t\t\t\t\t\n\t\t\t\t\t\t\t\t\t\t\n\t\t\t\t\t\t\t\t\t\t\t\t\t\t\t\t\t\t\t\t\n\t\t\t\t\t\t\n\t\t\t\t\t\t\t\t\t\t\t\t\t\t\t\t\t\t\t\t\t\t\t\t\t\t\t\t\t\t\t\t\t\t\t<a class=\"fusion-social-network-icon fusion-tooltip fusion-instagram awb-icon-instagram\" href=\"https:\/\/www.instagram.com\/shpresa_rupar\/\"   title=\"Instagram\" aria-label=\"Instagram\" rel=\"noopener noreferrer\" target=\"_self\" style=\"border-radius:50px;padding:12px;font-size:18px;color:#333333;background-color:#ffffff;border-color:#ffffff;\"><\/a>\n\t\t\t\t\t\t\t\t\t\t\t\n\t\t\t\t\t\t\t\t\t\t\n\t\t\t\t\t\t\t\t\t\t\t\t\t\t\t\t\t\t\t\t\n\t\t\t\t\t\t\n\t\t\t\t\t\t\t\t\t\t\t\t\t\t\t\t\t\t\t\t\t\t\t\t\t\t\t\t\t\t\t\t\t\t\t<a class=\"fusion-social-network-icon fusion-tooltip fusion-linkedin awb-icon-linkedin\" href=\"https:\/\/www.linkedin.com\/in\/shpresa-rupar-6738b22a\/\"   title=\"LinkedIn\" aria-label=\"LinkedIn\" rel=\"noopener noreferrer\" target=\"_self\" style=\"border-radius:50px;padding:12px;font-size:18px;color:#333333;background-color:#ffffff;border-color:#ffffff;\"><\/a>\n\t\t\t\t\t\t\t\t\t\t\t\n\t\t\t\t\t\t\t\t\t\t\n\t\t\t\t\t\t\t\t\t\t\t\t\t\t\t\t\t\t\t\t\t\t\t\t\t\t\t\t\t\t\t\t\t\t\t\t\t\t\t\t\t\t\t\t\t\t\t\t\n\t\t\t\t\t\t\n\t\t\t\t\t\t\t\t\t\t\t\t\t\t\t\t\t\t\t\t\t\t\t\t\t\t\t\t\t\t\t\t\t\t\t<a class=\"fusion-social-network-icon fusion-tooltip fusion-mail awb-icon-mail\" href=\"mailto:s&#104;p&#114;esa&#064;sh&#112;&#114;esa&#114;&#117;&#112;ar&#046;com\"   title=\"Mail\" aria-label=\"Mail\" rel=\"noopener noreferrer\" target=\"_self\" style=\"border-radius:50px;padding:12px;font-size:18px;color:#333333;background-color:#ffffff;border-color:#ffffff;\"><\/a>\n\t\t\t\t\t\t\t\t\t\t\t\n\t\t\t\t\t\t\t\t\t\t\n\t\t\t\t\n\t\t\t<\/div>\n\t\t<\/div>\n\n\t\t<\/div><div class=\"fusion-additional-widget-content\"><\/div><\/div><div class=\"fusion-clearfix\"><\/div><\/div><\/div><\/div><\/div><div class=\"fusion-fullwidth fullwidth-box fusion-builder-row-5 nonhundred-percent-fullwidth non-hundred-percent-height-scrolling\" style=\"background-color: #f1f1f1;background-position: center center;background-repeat: no-repeat;padding-top:45px;padding-right:0px;padding-bottom:0px;padding-left:0px;margin-bottom: 0px;margin-top: 0px;border-width: 0px 0px 0px 0px;border-color:#eae9e9;border-style:solid;\" ><div class=\"fusion-builder-row fusion-row\"><div class=\"fusion-layout-column fusion_builder_column fusion-builder-column-4 fusion_builder_column_1_1 1_1 fusion-one-full fusion-column-first fusion-column-last\" style=\"margin-top:0px;margin-bottom:20px;\"><div class=\"fusion-column-wrapper fusion-flex-column-wrapper-legacy\" style=\"background-position:left top;background-repeat:no-repeat;-webkit-background-size:cover;-moz-background-size:cover;-o-background-size:cover;background-size:cover;padding: 0px 0px 0px 0px;\"><div class=\"fusion-widget-area fusion-widget-area-2 fusion-content-widget-area\"><style type=\"text\/css\">.fusion-widget-area-2 {padding:0px 0px 0px 0px;}.fusion-widget-area-2 .widget h4 {color:#ffffff;}.fusion-widget-area-2 .widget .heading h4 {color:#ffffff;}.fusion-widget-area-2 .widget h4 {font-size:28px;}.fusion-widget-area-2 .widget .heading h4 {font-size:28px;}<\/style><style type=\"text\/css\" data-id=\"text-2\">@media (max-width: 800px){#text-2{text-align:center !important;}}<\/style><div id=\"text-2\" class=\"fusion-widget-mobile-align-center fusion-widget-align-center widget widget_text\" style=\"text-align: center;\">\t\t\t<div class=\"textwidget\"><h2>Vas zanima ve\u010d?<\/h2>\n<p>Pi\u0161ite mi in z veseljem vam odgovorim.<\/p>\n<div role=\"form\" class=\"wpcf7\" id=\"wpcf7-f2225-o1\" lang=\"en-US\" dir=\"ltr\">\n<div class=\"screen-reader-response\"><p role=\"status\" aria-live=\"polite\" aria-atomic=\"true\"><\/p> <ul><\/ul><\/div>\n<form action=\"\/sl\/wp-json\/wp\/v2\/pages\/2230#wpcf7-f2225-o1\" method=\"post\" class=\"wpcf7-form init\" novalidate=\"novalidate\" data-status=\"init\">\n<div style=\"display: none;\">\n<input type=\"hidden\" name=\"_wpcf7\" value=\"2225\" \/>\n<input type=\"hidden\" name=\"_wpcf7_version\" value=\"5.5.6.1\" \/>\n<input type=\"hidden\" name=\"_wpcf7_locale\" value=\"en_US\" \/>\n<input type=\"hidden\" name=\"_wpcf7_unit_tag\" value=\"wpcf7-f2225-o1\" \/>\n<input type=\"hidden\" name=\"_wpcf7_container_post\" value=\"0\" \/>\n<input type=\"hidden\" name=\"_wpcf7_posted_data_hash\" value=\"\" \/>\n<input type=\"hidden\" name=\"_wpcf7_recaptcha_response\" value=\"\" \/>\n<\/div>\n<p><span class=\"wpcf7-form-control-wrap your-name\"><input type=\"text\" name=\"your-name\" value=\"\" size=\"40\" class=\"wpcf7-form-control wpcf7-text wpcf7-validates-as-required\" aria-required=\"true\" aria-invalid=\"false\" placeholder=\"Va\u0161e ime (zahtevano)\" \/><\/span><\/p>\n<p><span class=\"wpcf7-form-control-wrap your-email\"><input type=\"email\" name=\"your-email\" value=\"\" size=\"40\" class=\"wpcf7-form-control wpcf7-text wpcf7-email wpcf7-validates-as-required wpcf7-validates-as-email\" aria-required=\"true\" aria-invalid=\"false\" placeholder=\"Va\u0161 e-naslov (zahtevano)\" \/><\/span><\/p>\n<p><label> Va\u0161e sporo\u010dilo<br \/>\n    <span class=\"wpcf7-form-control-wrap your-message\"><textarea name=\"your-message\" cols=\"40\" rows=\"10\" class=\"wpcf7-form-control wpcf7-textarea\" aria-invalid=\"false\"><\/textarea><\/span> <\/label><\/p>\n<p><span class=\"wpcf7-form-control-wrap checkbox-203\"><span class=\"wpcf7-form-control wpcf7-checkbox\"><span class=\"wpcf7-list-item first last\"><input type=\"checkbox\" name=\"checkbox-203[]\" value=\"\" \/><span class=\"wpcf7-list-item-label\"><\/span><\/span><\/span><\/span><small>S po\u0161iljanjem tega sporo\u010dila se strinjate s pogoji uporabe.<\/small><\/p>\n<p><input type=\"submit\" value=\"Send\" class=\"wpcf7-form-control has-spinner wpcf7-submit\" \/><\/p>\n<div class=\"fusion-alert alert custom alert-custom fusion-alert-center wpcf7-response-output fusion-alert-capitalize alert-dismissable\" style=\"border-width:1px;\"><button type=\"button\" class=\"close toggle-alert\" data-dismiss=\"alert\" aria-label=\"Close\">&times;<\/button><div class=\"fusion-alert-content-wrapper\"><span class=\"fusion-alert-content\"><\/span><\/div><\/div><\/form><\/div>\n<\/div>\n\t\t<\/div><div class=\"fusion-additional-widget-content\"><\/div><\/div><div class=\"fusion-clearfix\"><\/div><\/div><\/div><\/div><\/div><\/p>\n","protected":false},"excerpt":{"rendered":"","protected":false},"author":15,"featured_media":0,"parent":2227,"menu_order":1,"comment_status":"closed","ping_status":"closed","template":"100-width.php","meta":{"_mi_skip_tracking":false},"yoast_head":"<!-- This site is optimized with the Yoast SEO plugin v19.6.1 - https:\/\/yoast.com\/wordpress\/plugins\/seo\/ -->\n<title>Svetovanje po meri - Shpresa Rupar<\/title>\n<meta name=\"robots\" content=\"index, follow, max-snippet:-1, max-image-preview:large, max-video-preview:-1\" \/>\n<link rel=\"canonical\" href=\"https:\/\/shpresarupar.com\/sl\/svetovanje\/svetovanje-po-meri\/\" \/>\n<meta property=\"og:locale\" content=\"sl_SI\" \/>\n<meta property=\"og:type\" content=\"article\" \/>\n<meta property=\"og:title\" content=\"Svetovanje po meri - Shpresa Rupar\" \/>\n<meta property=\"og:url\" content=\"https:\/\/shpresarupar.com\/sl\/svetovanje\/svetovanje-po-meri\/\" \/>\n<meta property=\"og:site_name\" content=\"Shpresa Rupar\" \/>\n<meta property=\"article:modified_time\" content=\"2019-11-25T22:46:24+00:00\" \/>\n<meta name=\"twitter:card\" content=\"summary_large_image\" \/>\n<meta name=\"twitter:label1\" content=\"Est. reading time\" \/>\n\t<meta name=\"twitter:data1\" content=\"10 minut\" \/>\n<script type=\"application\/ld+json\" class=\"yoast-schema-graph\">{\"@context\":\"https:\/\/schema.org\",\"@graph\":[{\"@type\":\"WebPage\",\"@id\":\"https:\/\/shpresarupar.com\/sl\/svetovanje\/svetovanje-po-meri\/\",\"url\":\"https:\/\/shpresarupar.com\/sl\/svetovanje\/svetovanje-po-meri\/\",\"name\":\"Svetovanje po meri - Shpresa Rupar\",\"isPartOf\":{\"@id\":\"https:\/\/shpresarupar.com\/#website\"},\"datePublished\":\"2019-04-10T09:25:29+00:00\",\"dateModified\":\"2019-11-25T22:46:24+00:00\",\"breadcrumb\":{\"@id\":\"https:\/\/shpresarupar.com\/sl\/svetovanje\/svetovanje-po-meri\/#breadcrumb\"},\"inLanguage\":\"sl-SI\",\"potentialAction\":[{\"@type\":\"ReadAction\",\"target\":[\"https:\/\/shpresarupar.com\/sl\/svetovanje\/svetovanje-po-meri\/\"]}]},{\"@type\":\"BreadcrumbList\",\"@id\":\"https:\/\/shpresarupar.com\/sl\/svetovanje\/svetovanje-po-meri\/#breadcrumb\",\"itemListElement\":[{\"@type\":\"ListItem\",\"position\":1,\"name\":\"Home\",\"item\":\"https:\/\/shpresarupar.com\/sl\/\"},{\"@type\":\"ListItem\",\"position\":2,\"name\":\"Svetovanje\",\"item\":\"https:\/\/shpresarupar.com\/sl\/svetovanje\/\"},{\"@type\":\"ListItem\",\"position\":3,\"name\":\"Svetovanje po meri\"}]},{\"@type\":\"WebSite\",\"@id\":\"https:\/\/shpresarupar.com\/#website\",\"url\":\"https:\/\/shpresarupar.com\/\",\"name\":\"Shpresa Rupar\",\"description\":\"All in one makes the difference\",\"potentialAction\":[{\"@type\":\"SearchAction\",\"target\":{\"@type\":\"EntryPoint\",\"urlTemplate\":\"https:\/\/shpresarupar.com\/?s={search_term_string}\"},\"query-input\":\"required name=search_term_string\"}],\"inLanguage\":\"sl-SI\"}]}<\/script>\n<!-- \/ Yoast SEO plugin. -->","yoast_head_json":{"title":"Svetovanje po meri - Shpresa Rupar","robots":{"index":"index","follow":"follow","max-snippet":"max-snippet:-1","max-image-preview":"max-image-preview:large","max-video-preview":"max-video-preview:-1"},"canonical":"https:\/\/shpresarupar.com\/sl\/svetovanje\/svetovanje-po-meri\/","og_locale":"sl_SI","og_type":"article","og_title":"Svetovanje po meri - Shpresa Rupar","og_url":"https:\/\/shpresarupar.com\/sl\/svetovanje\/svetovanje-po-meri\/","og_site_name":"Shpresa Rupar","article_modified_time":"2019-11-25T22:46:24+00:00","twitter_card":"summary_large_image","twitter_misc":{"Est. reading time":"10 minut"},"schema":{"@context":"https:\/\/schema.org","@graph":[{"@type":"WebPage","@id":"https:\/\/shpresarupar.com\/sl\/svetovanje\/svetovanje-po-meri\/","url":"https:\/\/shpresarupar.com\/sl\/svetovanje\/svetovanje-po-meri\/","name":"Svetovanje po meri - Shpresa Rupar","isPartOf":{"@id":"https:\/\/shpresarupar.com\/#website"},"datePublished":"2019-04-10T09:25:29+00:00","dateModified":"2019-11-25T22:46:24+00:00","breadcrumb":{"@id":"https:\/\/shpresarupar.com\/sl\/svetovanje\/svetovanje-po-meri\/#breadcrumb"},"inLanguage":"sl-SI","potentialAction":[{"@type":"ReadAction","target":["https:\/\/shpresarupar.com\/sl\/svetovanje\/svetovanje-po-meri\/"]}]},{"@type":"BreadcrumbList","@id":"https:\/\/shpresarupar.com\/sl\/svetovanje\/svetovanje-po-meri\/#breadcrumb","itemListElement":[{"@type":"ListItem","position":1,"name":"Home","item":"https:\/\/shpresarupar.com\/sl\/"},{"@type":"ListItem","position":2,"name":"Svetovanje","item":"https:\/\/shpresarupar.com\/sl\/svetovanje\/"},{"@type":"ListItem","position":3,"name":"Svetovanje po meri"}]},{"@type":"WebSite","@id":"https:\/\/shpresarupar.com\/#website","url":"https:\/\/shpresarupar.com\/","name":"Shpresa Rupar","description":"All in one makes the difference","potentialAction":[{"@type":"SearchAction","target":{"@type":"EntryPoint","urlTemplate":"https:\/\/shpresarupar.com\/?s={search_term_string}"},"query-input":"required name=search_term_string"}],"inLanguage":"sl-SI"}]}},"_links":{"self":[{"href":"https:\/\/shpresarupar.com\/sl\/wp-json\/wp\/v2\/pages\/2230"}],"collection":[{"href":"https:\/\/shpresarupar.com\/sl\/wp-json\/wp\/v2\/pages"}],"about":[{"href":"https:\/\/shpresarupar.com\/sl\/wp-json\/wp\/v2\/types\/page"}],"author":[{"embeddable":true,"href":"https:\/\/shpresarupar.com\/sl\/wp-json\/wp\/v2\/users\/15"}],"replies":[{"embeddable":true,"href":"https:\/\/shpresarupar.com\/sl\/wp-json\/wp\/v2\/comments?post=2230"}],"version-history":[{"count":12,"href":"https:\/\/shpresarupar.com\/sl\/wp-json\/wp\/v2\/pages\/2230\/revisions"}],"predecessor-version":[{"id":4137,"href":"https:\/\/shpresarupar.com\/sl\/wp-json\/wp\/v2\/pages\/2230\/revisions\/4137"}],"up":[{"embeddable":true,"href":"https:\/\/shpresarupar.com\/sl\/wp-json\/wp\/v2\/pages\/2227"}],"wp:attachment":[{"href":"https:\/\/shpresarupar.com\/sl\/wp-json\/wp\/v2\/media?parent=2230"}],"curies":[{"name":"wp","href":"https:\/\/api.w.org\/{rel}","templated":true}]}}